{"id":11,"date":"2018-07-26T08:34:14","date_gmt":"2018-07-26T06:34:14","guid":{"rendered":"http:\/\/www.medi-chine.ch\/?page_id=11"},"modified":"2018-09-09T10:10:55","modified_gmt":"2018-09-09T08:10:55","slug":"tcm","status":"publish","type":"page","link":"https:\/\/medi-chine.ch\/index.php\/tcm\/","title":{"rendered":"TCM"},"content":{"rendered":"<p>Die Traditionelle Chinesische Medizin (TCM) ist ein \u00fcber 3000 Jahre altes Heilverfahren. Es betrachtet den menschlichen Organismus als ein ganzheitliches System und versteht die Beziehung zwischen Mensch und Natur als Einheit.<\/p>\n<table class=\"aligncenter\" style=\"width: 70%; border-collapse: collapse; border-style: hidden;\" border=\"1\">\n<tbody>\n<tr>\n<td style=\"width: 100%; border-style: hidden;\">\n<ul>\n<li style=\"text-align: left;\">Akupunktur mit Moxa, Schr\u00f6pfen, Gua Sha<\/li>\n<li style=\"text-align: left;\">Akupressur, Tuina<\/li>\n<li style=\"text-align: left;\">Di\u00e4tetik<\/li>\n<li style=\"text-align: left;\">Qi Gong, Taiji, Meditation<\/li>\n<li style=\"text-align: left;\">Kr\u00e4uterheilkunde<\/li>\n<\/ul>\n<\/td>\n<\/tr>\n<\/tbody>\n<\/table>\n<p>bilden die f\u00fcnf S\u00e4ulen jeder TCM Behandlung. Sie wird nach einer umfassenden Diagnose individuell zusammengestellt. Alle Methoden k\u00f6nnen Blockaden gezielt beseitigen und den Energiefluss regulieren, sodass ein Gleichgewicht entsteht und die Selbstheilungskraft unterst\u00fctzt wird.<\/p>\n<p>&nbsp;<\/p>\n<h2 style=\"text-align: center;\">AKUPUNKTUR<\/h2>\n<p>i<span lang=\"de-CH\">st eine Methode, in der bestimmte Punkte auf Meridianen am K\u00f6rper mit einer sehr feinen Nadel stimuliert oder ged\u00e4mpft werden. Durch die Nadel wird der Energiefluss in die gew\u00fcnschte Richtung geleitet.<\/span><span lang=\"de-CH\">\u00a0<\/span><\/p>\n<p>&nbsp;<\/p>\n<h2 lang=\"en-CH\" style=\"text-align: center;\"><span lang=\"de-CH\">Ohrakupunktur<\/span><\/h2>\n<p lang=\"en-CH\">Gleich wie bei der Akupunktur am K\u00f6rper, wird bei dieser Methode nur das Ohr behandelt, da das Ohr ein Mikrosystem unseres K\u00f6rpers darstellt. Schmerzhafte Stellen deuten auf ein Ungleichgewicht hin und k\u00f6nnen entweder mit Nadeln oder K\u00fcgelchen stimuliert werden.<\/p>\n<p>&nbsp;<\/p>\n<h2 style=\"text-align: center;\">AKUPRESSUR \/ TUINA<\/h2>\n<p>sind manuelle Therapien und sind Druckmassagebehandlungen, bei denen die Akupunkturpunkte mittels Massieren, Schieben, Dr\u00fccken, Reiben, Kneten und W\u00e4rmen stimuliert werden. Auch werden bei Tuina Dehnungen und Mobilisationstechniken angewendet.<\/p>\n<p>&nbsp;<\/p>\n<h2 style=\"text-align: center;\">MOXA \/ MOXIBUSTION<\/h2>\n<p>Bei dieser Methode wird etwas Moxawolle (Beifusskraut) \u00fcber den Akupunkturpunkten abgebrannt, um diese durch W\u00e4rme zu stimulieren.<\/p>\n<p>&nbsp;<\/p>\n<h2 style=\"text-align: center;\">SCHR\u00d6PFEN<\/h2>\n<p>Mit Hilfe von Schr\u00f6pfgl\u00e4sern wird ein Vakuum erzeugt, wobei die Akupunkturpunkte angeregt werden.<\/p>\n<p>&nbsp;<\/p>\n<h2 style=\"text-align: center;\">GUA SHA<\/h2>\n<p>Diese Methode hat einen \u00e4hnlichen Effekt wie das Schr\u00f6pfen, nur wird hier die schmerzende Stelle einge\u00f6lt und mit einem Instrument mehrmals geschabt, damit die Durchblutung gef\u00f6rdert wird.<\/p>\n<p>&nbsp;<\/p>\n<h2 style=\"text-align: center;\">BABY UND KINDER TUINA<\/h2>\n<p>In der Kinderheilkunde der TCM stellt die Baby und Kinder Tuina einen wichtigen Bestandteil dar. Sie ist eine sanfte Form der Massage, die sowohl pr\u00e4ventiv wie auch bei spezifischen Krankheiten wirkt und dabei die Entwicklung des Kindes unterst\u00fctzt.<\/p>\n<p>&nbsp;<\/p>\n<h2 style=\"text-align: center;\">DI\u00c4TETIK<\/h2>\n<p>Die Ern\u00e4hrung ist ein zentraler Bestandteil der Chinesischen Medizin, denn sie bildet die Basis unserer Gesundheit. Da jedes Nahrungsmittel eine spezifische energetische Wirkung hat, wird ein Speiseplan individuell nach Krankheitsbild zusammengestellt. Eine Ern\u00e4hrungsumstellung kann bei vielen Beschwerden hilfreich sein.<\/p>\n<p>&nbsp;<\/p>\n<h2 style=\"text-align: center;\">PHYTOTHERAPIE<\/h2>\n<p>Chinesische Arzneimittel sind die verbreitetste Methode in China, jedoch hier weniger bekannt als die Akupunktur. Die meisten Kr\u00e4uterrezepturen werden schon seit Jahrhunderten angewandt und sind immer wieder weiterentwickelt worden, sodass sie auch heute noch effektiv bei vielen inneren Krankheiten verschrieben werden.<\/p>\n<p>&nbsp;<\/p>\n<p>&nbsp;<\/p>\n<p>&nbsp;<\/p>\n","protected":false},"excerpt":{"rendered":"<p>Die Traditionelle Chinesische Medizin (TCM) ist ein \u00fcber 3000 Jahre altes Heilverfahren. Es betrachtet den menschlichen Organismus als ein ganzheitliches System und versteht die Beziehung zwischen Mensch und Natur als Einheit. Akupunktur mit Moxa, Schr\u00f6pfen, Gua Sha Akupressur, Tuina Di\u00e4tetik Qi Gong, Taiji, Meditation Kr\u00e4uterheilkunde bilden die f\u00fcnf S\u00e4ulen jeder TCM Behandlung. Sie wird nach &hellip; <a href=\"https:\/\/medi-chine.ch\/index.php\/tcm\/\" class=\"more-link\">Continue reading <span class=\"screen-reader-text\">TCM<\/span> <span class=\"meta-nav\">&rarr;<\/span><\/a><\/p>\n","protected":false},"author":1,"featured_media":0,"parent":0,"menu_order":0,"comment_status":"closed","ping_status":"closed","template":"templates\/portfolio-page.php","meta":{"footnotes":""},"class_list":["post-11","page","type-page","status-publish","hentry"],"_links":{"self":[{"href":"https:\/\/medi-chine.ch\/index.php\/wp-json\/wp\/v2\/pages\/11"}],"collection":[{"href":"https:\/\/medi-chine.ch\/index.php\/wp-json\/wp\/v2\/pages"}],"about":[{"href":"https:\/\/medi-chine.ch\/index.php\/wp-json\/wp\/v2\/types\/page"}],"author":[{"embeddable":true,"href":"https:\/\/medi-chine.ch\/index.php\/wp-json\/wp\/v2\/users\/1"}],"replies":[{"embeddable":true,"href":"https:\/\/medi-chine.ch\/index.php\/wp-json\/wp\/v2\/comments?post=11"}],"version-history":[{"count":44,"href":"https:\/\/medi-chine.ch\/index.php\/wp-json\/wp\/v2\/pages\/11\/revisions"}],"predecessor-version":[{"id":156,"href":"https:\/\/medi-chine.ch\/index.php\/wp-json\/wp\/v2\/pages\/11\/revisions\/156"}],"wp:attachment":[{"href":"https:\/\/medi-chine.ch\/index.php\/wp-json\/wp\/v2\/media?parent=11"}],"curies":[{"name":"wp","href":"https:\/\/api.w.org\/{rel}","templated":true}]}}