{"id":118,"date":"2018-08-19T22:12:57","date_gmt":"2018-08-19T20:12:57","guid":{"rendered":"http:\/\/www.medi-chine.ch\/?page_id=118"},"modified":"2018-08-19T22:20:45","modified_gmt":"2018-08-19T20:20:45","slug":"indikationen","status":"publish","type":"page","link":"https:\/\/medi-chine.ch\/index.php\/tcm\/indikationen\/","title":{"rendered":"Indikationen"},"content":{"rendered":"<p>Eine Behandlung kann vorbeugend oder bei bereits bestehenden Beschwerden eingesetzt werden, wie zum Beispiel:<\/p>\n<table class=\"aligncenter\" style=\"width: 70%; border-collapse: collapse; border-style: hidden;\" border=\"1\">\n<tbody>\n<tr>\n<td style=\"width: 100%; border-style: hidden;\">\n<ul>\n<li style=\"text-align: left;\">Schlafproblemen<\/li>\n<li style=\"text-align: left;\">Kopfschmerzen, Migr\u00e4ne<\/li>\n<li style=\"text-align: left;\">Orthop\u00e4dische Beschwerden<\/li>\n<li style=\"text-align: left;\">Magen- , Darmbeschwerden<\/li>\n<li style=\"text-align: left;\">Allergien<\/li>\n<li style=\"text-align: left;\">Frauenheilkunde (Gyn\u00e4kologische St\u00f6rungen, Schwangerschaftsvorbereitung)<\/li>\n<li style=\"text-align: left;\">Kinderheilkunde (Ern\u00e4hrung, Babymassage)<\/li>\n<li style=\"text-align: left;\">Neurologische Beschwerden<\/li>\n<li style=\"text-align: left;\">Stress und vielem mehr<\/li>\n<\/ul>\n<\/td>\n<\/tr>\n<\/tbody>\n<\/table>\n","protected":false},"excerpt":{"rendered":"<p>Eine Behandlung kann vorbeugend oder bei bereits bestehenden Beschwerden eingesetzt werden, wie zum Beispiel: Schlafproblemen Kopfschmerzen, Migr\u00e4ne Orthop\u00e4dische Beschwerden Magen- , Darmbeschwerden Allergien Frauenheilkunde (Gyn\u00e4kologische St\u00f6rungen, Schwangerschaftsvorbereitung) Kinderheilkunde (Ern\u00e4hrung, Babymassage) Neurologische Beschwerden Stress und vielem mehr<\/p>\n","protected":false},"author":1,"featured_media":0,"parent":11,"menu_order":0,"comment_status":"closed","ping_status":"closed","template":"templates\/portfolio-page.php","meta":{"footnotes":""},"class_list":["post-118","page","type-page","status-publish","hentry"],"_links":{"self":[{"href":"https:\/\/medi-chine.ch\/index.php\/wp-json\/wp\/v2\/pages\/118"}],"collection":[{"href":"https:\/\/medi-chine.ch\/index.php\/wp-json\/wp\/v2\/pages"}],"about":[{"href":"https:\/\/medi-chine.ch\/index.php\/wp-json\/wp\/v2\/types\/page"}],"author":[{"embeddable":true,"href":"https:\/\/medi-chine.ch\/index.php\/wp-json\/wp\/v2\/users\/1"}],"replies":[{"embeddable":true,"href":"https:\/\/medi-chine.ch\/index.php\/wp-json\/wp\/v2\/comments?post=118"}],"version-history":[{"count":4,"href":"https:\/\/medi-chine.ch\/index.php\/wp-json\/wp\/v2\/pages\/118\/revisions"}],"predecessor-version":[{"id":125,"href":"https:\/\/medi-chine.ch\/index.php\/wp-json\/wp\/v2\/pages\/118\/revisions\/125"}],"up":[{"embeddable":true,"href":"https:\/\/medi-chine.ch\/index.php\/wp-json\/wp\/v2\/pages\/11"}],"wp:attachment":[{"href":"https:\/\/medi-chine.ch\/index.php\/wp-json\/wp\/v2\/media?parent=118"}],"curies":[{"name":"wp","href":"https:\/\/api.w.org\/{rel}","templated":true}]}}