{"id":154,"date":"2018-09-09T09:29:28","date_gmt":"2018-09-09T07:29:28","guid":{"rendered":"http:\/\/www.medi-chine.ch\/?page_id=154"},"modified":"2018-09-09T09:30:39","modified_gmt":"2018-09-09T07:30:39","slug":"ueber-mich","status":"publish","type":"page","link":"https:\/\/medi-chine.ch\/index.php\/ueber-mich\/","title":{"rendered":"\u00dcber mich"},"content":{"rendered":"<p>In der Schweiz geboren, aber \u00abasiatisch\u00bb aufgewachsen, bin ich mit beiden Kulturen verbunden. Dadurch f\u00e4llt es mir leicht Parallelen zur westlichen Denkweise zu finden und meinen Klienten die Sichtweise der TCM n\u00e4her zu bringen. Viele Methoden in der TCM bauen auf der Logik der Natur auf und unterst\u00fctzen folglich den Organismus positiv.<\/p>\n<figure id=\"attachment_147\" aria-describedby=\"caption-attachment-147\" style=\"width: 350px\" class=\"wp-caption aligncenter\"><img loading=\"lazy\" decoding=\"async\" class=\"size-full wp-image-147\" src=\"http:\/\/medi-chine.ch\/wp-content\/uploads\/2018\/09\/medi-chine_binh_portrait_small.jpg\" alt=\"Binh Tran Vit\" width=\"350\" height=\"471\" srcset=\"https:\/\/medi-chine.ch\/wp-content\/uploads\/2018\/09\/medi-chine_binh_portrait_small.jpg 350w, https:\/\/medi-chine.ch\/wp-content\/uploads\/2018\/09\/medi-chine_binh_portrait_small-223x300.jpg 223w, https:\/\/medi-chine.ch\/wp-content\/uploads\/2018\/09\/medi-chine_binh_portrait_small-297x400.jpg 297w\" sizes=\"(max-width: 350px) 100vw, 350px\" \/><figcaption id=\"caption-attachment-147\" class=\"wp-caption-text\">Binh Tran Vit<\/figcaption><\/figure>\n<p>Um meine Kenntnisse der Sprache und Kultur, der Chinesischen Philosophie und des Konzepts der orientalischen Medizin zu vertiefen und meine Wurzeln besser kennen zu lernen, habe ich in Genf Sinologie studiert. Zur Zeit bilde ich mich ausserdem in der Kr\u00e4uterheilkunde aus und freue mich zuk\u00fcnftig auch diese Erfahrung in meinem Therapieangebot mit einzubeziehen.<\/p>\n","protected":false},"excerpt":{"rendered":"<p>In der Schweiz geboren, aber \u00abasiatisch\u00bb aufgewachsen, bin ich mit beiden Kulturen verbunden. Dadurch f\u00e4llt es mir leicht Parallelen zur westlichen Denkweise zu finden und meinen Klienten die Sichtweise der TCM n\u00e4her zu bringen. Viele Methoden in der TCM bauen auf der Logik der Natur auf und unterst\u00fctzen folglich den Organismus positiv. Um meine Kenntnisse &hellip; <a href=\"https:\/\/medi-chine.ch\/index.php\/ueber-mich\/\" class=\"more-link\">Continue reading <span class=\"screen-reader-text\">\u00dcber mich<\/span> <span class=\"meta-nav\">&rarr;<\/span><\/a><\/p>\n","protected":false},"author":1,"featured_media":0,"parent":0,"menu_order":3,"comment_status":"closed","ping_status":"closed","template":"templates\/portfolio-page.php","meta":{"footnotes":""},"class_list":["post-154","page","type-page","status-publish","hentry"],"_links":{"self":[{"href":"https:\/\/medi-chine.ch\/index.php\/wp-json\/wp\/v2\/pages\/154"}],"collection":[{"href":"https:\/\/medi-chine.ch\/index.php\/wp-json\/wp\/v2\/pages"}],"about":[{"href":"https:\/\/medi-chine.ch\/index.php\/wp-json\/wp\/v2\/types\/page"}],"author":[{"embeddable":true,"href":"https:\/\/medi-chine.ch\/index.php\/wp-json\/wp\/v2\/users\/1"}],"replies":[{"embeddable":true,"href":"https:\/\/medi-chine.ch\/index.php\/wp-json\/wp\/v2\/comments?post=154"}],"version-history":[{"count":1,"href":"https:\/\/medi-chine.ch\/index.php\/wp-json\/wp\/v2\/pages\/154\/revisions"}],"predecessor-version":[{"id":155,"href":"https:\/\/medi-chine.ch\/index.php\/wp-json\/wp\/v2\/pages\/154\/revisions\/155"}],"wp:attachment":[{"href":"https:\/\/medi-chine.ch\/index.php\/wp-json\/wp\/v2\/media?parent=154"}],"curies":[{"name":"wp","href":"https:\/\/api.w.org\/{rel}","templated":true}]}}