

{"id":9,"date":"2018-07-26T08:33:58","date_gmt":"2018-07-26T06:33:58","guid":{"rendered":"http:\/\/www.medi-chine.ch\/?page_id=9"},"modified":"2023-10-16T23:28:07","modified_gmt":"2023-10-16T21:28:07","slug":"praxis","status":"publish","type":"page","link":"https:\/\/medi-chine.ch\/","title":{"rendered":"Praxis"},"content":{"rendered":"<table class=\" aligncenter\" style=\"height: 24px; width: 70%; border-collapse: collapse;\" border=\"0\">\n<tbody>\n<tr style=\"height: 24px;\">\n<td style=\"width: 100%; height: 24px;\"><div id=\"metaslider-id-165\" style=\"max-width: 700px;\" class=\"ml-slider-3-92-0 metaslider metaslider-flex metaslider-165 ml-slider ms-theme-default\" role=\"region\" aria-roledescription=\"Slideshow\" aria-label=\"Praxis\">\n    <div id=\"metaslider_container_165\">\n        <div id=\"metaslider_165\">\n            <ul class='slides'>\n                <li style=\"display: block; width: 100%;\" class=\"slide-166 ms-image \" aria-roledescription=\"slide\" aria-label=\"slide-166\"><img loading=\"lazy\" decoding=\"async\" src=\"https:\/\/medi-chine.ch\/wp-content\/uploads\/2018\/09\/praxis_01_eingang_small-700x300.jpg\" height=\"300\" width=\"700\" alt=\"\" class=\"slider-165 slide-166\" title=\"praxis_01_eingang_small\" \/><\/li>\n                <li style=\"display: none; width: 100%;\" class=\"slide-167 ms-image \" aria-roledescription=\"slide\" aria-label=\"slide-167\"><img loading=\"lazy\" decoding=\"async\" src=\"https:\/\/medi-chine.ch\/wp-content\/uploads\/2018\/09\/praxis_02_wartezimmer_small-700x300.jpg\" height=\"300\" width=\"700\" alt=\"\" class=\"slider-165 slide-167\" title=\"praxis_02_wartezimmer_small\" \/><\/li>\n                <li style=\"display: none; width: 100%;\" class=\"slide-168 ms-image \" aria-roledescription=\"slide\" aria-label=\"slide-168\"><img loading=\"lazy\" decoding=\"async\" src=\"https:\/\/medi-chine.ch\/wp-content\/uploads\/2018\/09\/praxis_03_behandlung1_small-700x300.jpg\" height=\"300\" width=\"700\" alt=\"\" class=\"slider-165 slide-168\" title=\"praxis_03_behandlung1_small\" \/><\/li>\n                <li style=\"display: none; width: 100%;\" class=\"slide-169 ms-image \" aria-roledescription=\"slide\" aria-label=\"slide-169\"><img loading=\"lazy\" decoding=\"async\" src=\"https:\/\/medi-chine.ch\/wp-content\/uploads\/2018\/09\/praxis_04_behandlung2_small-700x300.jpg\" height=\"300\" width=\"700\" alt=\"\" class=\"slider-165 slide-169\" title=\"praxis_04_behandlung2_small\" \/><\/li>\n                <li style=\"display: none; width: 100%;\" class=\"slide-170 ms-image \" aria-roledescription=\"slide\" aria-label=\"slide-170\"><img loading=\"lazy\" decoding=\"async\" src=\"https:\/\/medi-chine.ch\/wp-content\/uploads\/2018\/09\/praxis_05_behandlung3_small-700x300.jpg\" height=\"300\" width=\"700\" alt=\"\" class=\"slider-165 slide-170\" title=\"praxis_05_behandlung3_small\" \/><\/li>\n            <\/ul>\n        <\/div>\n        \n    <\/div>\n<\/div><\/td>\n<\/tr>\n<\/tbody>\n<\/table>\n<h2><\/h2>\n<h2>Standort<\/h2>\n<p>Praxis f\u00fcr Chinesische Medizin<br \/>\nParadiesstrasse 24<br \/>\n4102 Binningen<\/p>\n\n\n\t\t\t\t<div id=\"map_ol3js_1\" class=\"map undefined\" data-map_name=\"undefined\" data-map=\"map_ol3js_1\" style=\"width:100%; max-width:100%; height:450px; display:block; overflow:hidden;border:thin solid grey;\" >\n\t\t\t\t  <div id=\"map_ol3js_1_popup\" class=\"ol-popup\" >\n\t\t\t\t\t<a href=\"#\" id=\"map_ol3js_1_popup-closer\" class=\"ol-popup-closer\"><\/a>\n\t\t\t\t\t<div id=\"map_ol3js_1_popup-content\" ><\/div>\n\t\t\t\t  <\/div>\n\t\t\t\t<\/div>\n\t\t\t\n\n\t\t\t\t<script type=\"text\/javascript\">\n\t\t\t\t\ttranslations['openlayer'] = \"open layer\";\n\t\t\t\t\ttranslations['openlayerAtStartup'] = \"open layer at startup\";\n\t\t\t\t\ttranslations['generateLink'] = \"link to this map with opened layers\";\n\t\t\t\t\ttranslations['shortDescription'] = \"short description\";\n\t\t\t\t\ttranslations['generatedShortCode'] = \"to get a text control link paste this code in your wordpress editor\";\n\t\t\t\t\ttranslations['closeLayer'] = \"close layer\";\n\t\t\t\t\ttranslations['cantGenerateLink'] = \"put this string in the existing map short code to control this map\";\n\t\t\t  <\/script>\n\n\n\t\t\t  <script type=\"text\/javascript\">\n\t\t\t  vectorM['map_ol3js_1'] = [];\n\t        \n        var raster = getTileLayer(\"osm\",\"NoKey\");\t\t\t\n\n\t\t\t  var map_ol3js_1 = new ol.Map({\n\t\t\t\tinteractions: ol.interaction.defaults.defaults({mouseWheelZoom:false}),\n\t\t\t\tlayers: [raster],\n\t\t\t\ttarget: \"map_ol3js_1\",\n\t\t\t\tview: new ol.View({\n\t\t\t\t  center: ol.proj.transform([7.5691,47.5382], \"EPSG:4326\", \"EPSG:3857\"),\n\t\t\t\t  zoom: 18\n\t\t\t\t})\n\t\t\t  });\n\t\t\t  osm_addMarkerLayer(map_ol3js_1,7.5689,47.5383,\"https:\/\/medi-chine.ch\/wp-content\/plugins\/osm\/icons\/mic_blue_empty_01.png\",-16,-41,\"<p>Paradiesstrasse 24<br>4102 Binningen<\/p>\") ; \naddControls2Map(map_ol3js_1,1,0,3,0,5,6,7,0,1);\nosm_addPopupClickhandler(map_ol3js_1,  \"map_ol3js_1\"); \nosm_addMouseHover(map_ol3js_1); <\/script>\n<h2>\u00d6ffentliche Verkehrsmittel<\/h2>\n<p>Tram 2, Bus 34 oder 61 \u2013 Station Kronenplatz<\/p>\n<h2>Parkpl\u00e4tze<\/h2>\n<p>Entlang der Paradiesstrasse finden Sie stets gen\u00fcgend Parkpl\u00e4tze in der blauen Zone.<\/p>\n<h2>Telefon<\/h2>\n<p>+41 79 708 46 27<\/p>\n<h2>Email<\/h2>\n<p>Info@medi-chine.ch<\/p>\n","protected":false},"excerpt":{"rendered":"<p>Standort Praxis f\u00fcr Chinesische Medizin Paradiesstrasse 24 4102 Binningen \u00d6ffentliche Verkehrsmittel Tram 2, Bus 34 oder 61 \u2013 Station Kronenplatz Parkpl\u00e4tze Entlang der Paradiesstrasse finden Sie stets gen\u00fcgend Parkpl\u00e4tze in der blauen Zone. Telefon +41 79 708 46 27 Email Info@medi-chine.ch<\/p>\n","protected":false},"author":1,"featured_media":0,"parent":0,"menu_order":0,"comment_status":"closed","ping_status":"closed","template":"templates\/portfolio-page.php","meta":{"footnotes":""},"class_list":["post-9","page","type-page","status-publish","hentry"],"_links":{"self":[{"href":"https:\/\/medi-chine.ch\/index.php\/wp-json\/wp\/v2\/pages\/9"}],"collection":[{"href":"https:\/\/medi-chine.ch\/index.php\/wp-json\/wp\/v2\/pages"}],"about":[{"href":"https:\/\/medi-chine.ch\/index.php\/wp-json\/wp\/v2\/types\/page"}],"author":[{"embeddable":true,"href":"https:\/\/medi-chine.ch\/index.php\/wp-json\/wp\/v2\/users\/1"}],"replies":[{"embeddable":true,"href":"https:\/\/medi-chine.ch\/index.php\/wp-json\/wp\/v2\/comments?post=9"}],"version-history":[{"count":31,"href":"https:\/\/medi-chine.ch\/index.php\/wp-json\/wp\/v2\/pages\/9\/revisions"}],"predecessor-version":[{"id":190,"href":"https:\/\/medi-chine.ch\/index.php\/wp-json\/wp\/v2\/pages\/9\/revisions\/190"}],"wp:attachment":[{"href":"https:\/\/medi-chine.ch\/index.php\/wp-json\/wp\/v2\/media?parent=9"}],"curies":[{"name":"wp","href":"https:\/\/api.w.org\/{rel}","templated":true}]}}